{"id":634,"date":"2019-04-01T20:03:02","date_gmt":"2019-04-01T20:03:02","guid":{"rendered":"https:\/\/laiamarcartgallery.com\/marcs-per-a-quadres\/"},"modified":"2019-04-01T20:08:09","modified_gmt":"2019-04-01T20:08:09","slug":"marcs-per-a-quadres","status":"publish","type":"page","link":"https:\/\/laiamarcartgallery.com\/ca\/marcs-per-a-quadres\/","title":{"rendered":"Marcs per a quadres"},"content":{"rendered":"<div class=\"wpb-content-wrapper\"><p>[vc_row css_animation=&#8221;&#8221; row_type=&#8221;row&#8221; use_row_as_full_screen_section=&#8221;no&#8221; type=&#8221;grid&#8221; angled_section=&#8221;no&#8221; text_align=&#8221;left&#8221; background_image_as_pattern=&#8221;without_pattern&#8221; background_color=&#8221;#32373c&#8221; z_index=&#8221;&#8221;][vc_column][vc_empty_space height=&#8221;50px&#8221;]<div class=\"qode-advanced-image-gallery  qode-aig-masonry-type qode-normal-space  qode-image-behavior-lightbox \">\n\t<div class=\"qode-aig-inner qode-outer-space qode-aig-masonry qode-aig-three-columns\">\n\t\t<div class=\"qode-aig-grid-sizer\"><\/div>\n\t\t<div class=\"qode-aig-grid-gutter\"><\/div>\n\t\t\t\t\t\t\t\t<div class=\"qode-aig-image qode-item-space qode-aig-default-masonry-item\">\n\t\t\t\t<div class=\"qode-aig-image-inner\">\n\t\t\t\t\t\t\t\t\t\t\t<a itemprop=\"image\" class=\"qode-aig-lightbox\" href=\"https:\/\/laiamarcartgallery.com\/wp-content\/uploads\/2019\/02\/2a-1.jpg\" data-rel=\"prettyPhoto[image_gallery_pretty_photo-11]\" title=\"2a\">\n\t\t\t\t\t\t\t\t\t\t\t\t\t<img loading=\"lazy\" decoding=\"async\" src=\"https:\/\/laiamarcartgallery.com\/wp-content\/uploads\/2019\/02\/2a-1-334x728.jpg\" alt=\"\" width=\"334\" height=\"728\" \/>\t\t\t\t\t\t<span class=\"aig-gallery-hover\">\n\t\t\t\t\t\t\t\t\t\t\t\t\t<\/span>\n\t\t\t\t\t\t\t\t\t\t\t<\/a>\n\t\t\t\t\t\t\t\t\t<\/div>\n\t\t\t<\/div>\n\t\t\t\t\t\t\t\t\t\t\t<div class=\"qode-aig-image qode-item-space qode-aig-default-masonry-item\">\n\t\t\t\t<div class=\"qode-aig-image-inner\">\n\t\t\t\t\t\t\t\t\t\t\t<a itemprop=\"image\" class=\"qode-aig-lightbox\" href=\"https:\/\/laiamarcartgallery.com\/wp-content\/uploads\/2019\/02\/3a.jpg\" data-rel=\"prettyPhoto[image_gallery_pretty_photo-11]\" title=\"3a\">\n\t\t\t\t\t\t\t\t\t\t\t\t\t<img loading=\"lazy\" decoding=\"async\" src=\"https:\/\/laiamarcartgallery.com\/wp-content\/uploads\/2019\/02\/3a-334x728.jpg\" alt=\"\" width=\"334\" height=\"728\" \/>\t\t\t\t\t\t<span class=\"aig-gallery-hover\">\n\t\t\t\t\t\t\t\t\t\t\t\t\t<\/span>\n\t\t\t\t\t\t\t\t\t\t\t<\/a>\n\t\t\t\t\t\t\t\t\t<\/div>\n\t\t\t<\/div>\n\t\t\t\t\t\t\t\t\t\t\t<div class=\"qode-aig-image qode-item-space qode-aig-default-masonry-item\">\n\t\t\t\t<div class=\"qode-aig-image-inner\">\n\t\t\t\t\t\t\t\t\t\t\t<a itemprop=\"image\" class=\"qode-aig-lightbox\" href=\"https:\/\/laiamarcartgallery.com\/wp-content\/uploads\/2019\/02\/1a-1.jpg\" data-rel=\"prettyPhoto[image_gallery_pretty_photo-11]\" title=\"1a\">\n\t\t\t\t\t\t\t\t\t\t\t\t\t<img loading=\"lazy\" decoding=\"async\" src=\"https:\/\/laiamarcartgallery.com\/wp-content\/uploads\/2019\/02\/1a-1-334x728.jpg\" alt=\"\" width=\"334\" height=\"728\" \/>\t\t\t\t\t\t<span class=\"aig-gallery-hover\">\n\t\t\t\t\t\t\t\t\t\t\t\t\t<\/span>\n\t\t\t\t\t\t\t\t\t\t\t<\/a>\n\t\t\t\t\t\t\t\t\t<\/div>\n\t\t\t<\/div>\n\t\t\t\t\t\t\t\t\t\t\t<div class=\"qode-aig-image qode-item-space qode-aig-default-masonry-item\">\n\t\t\t\t<div class=\"qode-aig-image-inner\">\n\t\t\t\t\t\t\t\t\t\t\t<a itemprop=\"image\" class=\"qode-aig-lightbox\" href=\"https:\/\/laiamarcartgallery.com\/wp-content\/uploads\/2019\/02\/4a.jpg\" data-rel=\"prettyPhoto[image_gallery_pretty_photo-11]\" title=\"4a\">\n\t\t\t\t\t\t\t\t\t\t\t\t\t<img loading=\"lazy\" decoding=\"async\" src=\"https:\/\/laiamarcartgallery.com\/wp-content\/uploads\/2019\/02\/4a-334x728.jpg\" alt=\"\" width=\"334\" height=\"728\" \/>\t\t\t\t\t\t<span class=\"aig-gallery-hover\">\n\t\t\t\t\t\t\t\t\t\t\t\t\t<\/span>\n\t\t\t\t\t\t\t\t\t\t\t<\/a>\n\t\t\t\t\t\t\t\t\t<\/div>\n\t\t\t<\/div>\n\t\t\t\t\t\t\t\t\t\t\t<div class=\"qode-aig-image qode-item-space qode-aig-default-masonry-item\">\n\t\t\t\t<div class=\"qode-aig-image-inner\">\n\t\t\t\t\t\t\t\t\t\t\t<a itemprop=\"image\" class=\"qode-aig-lightbox\" href=\"https:\/\/laiamarcartgallery.com\/wp-content\/uploads\/2019\/02\/5a-1.jpg\" data-rel=\"prettyPhoto[image_gallery_pretty_photo-11]\" title=\"5a\">\n\t\t\t\t\t\t\t\t\t\t\t\t\t<img loading=\"lazy\" decoding=\"async\" src=\"https:\/\/laiamarcartgallery.com\/wp-content\/uploads\/2019\/02\/5a-1-334x728.jpg\" alt=\"\" width=\"334\" height=\"728\" \/>\t\t\t\t\t\t<span class=\"aig-gallery-hover\">\n\t\t\t\t\t\t\t\t\t\t\t\t\t<\/span>\n\t\t\t\t\t\t\t\t\t\t\t<\/a>\n\t\t\t\t\t\t\t\t\t<\/div>\n\t\t\t<\/div>\n\t\t\t\t\t\t\t\t\t\t\t<div class=\"qode-aig-image qode-item-space qode-aig-default-masonry-item\">\n\t\t\t\t<div class=\"qode-aig-image-inner\">\n\t\t\t\t\t\t\t\t\t\t\t<a itemprop=\"image\" class=\"qode-aig-lightbox\" href=\"https:\/\/laiamarcartgallery.com\/wp-content\/uploads\/2019\/02\/6a.jpg\" data-rel=\"prettyPhoto[image_gallery_pretty_photo-11]\" title=\"6a\">\n\t\t\t\t\t\t\t\t\t\t\t\t\t<img loading=\"lazy\" decoding=\"async\" src=\"https:\/\/laiamarcartgallery.com\/wp-content\/uploads\/2019\/02\/6a-334x728.jpg\" alt=\"\" width=\"334\" height=\"728\" \/>\t\t\t\t\t\t<span class=\"aig-gallery-hover\">\n\t\t\t\t\t\t\t\t\t\t\t\t\t<\/span>\n\t\t\t\t\t\t\t\t\t\t\t<\/a>\n\t\t\t\t\t\t\t\t\t<\/div>\n\t\t\t<\/div>\n\t\t\t\t\t\t<\/div>\n<\/div>[\/vc_column][\/vc_row][vc_row css_animation=&#8221;&#8221; row_type=&#8221;row&#8221; use_row_as_full_screen_section=&#8221;no&#8221; type=&#8221;full_width&#8221; angled_section=&#8221;no&#8221; text_align=&#8221;left&#8221; background_image_as_pattern=&#8221;without_pattern&#8221;][vc_column]<div class=\"call_to_action normal\" style=\"background-color: #32373c;border-top: 1px solid #32373c;\"><div class=\"container_inner\"><div class=\"two_columns_75_25 clearfix\"><div class=\"text_wrapper column1\"><div class=\"call_to_action_text \" style=\"\">Qualsevol dubte sobre el nostre mostrari de <strong>marcs per a quadres<\/strong> no dubti a posar-se en contacte. Els nostres experts l&#8217;assessoraran sense cap mena de comprom\u00eds<\/div><\/div><div class=\"button_wrapper column2\"><a itemprop=\"url\" href=\"https:\/\/laiamarcartgallery.com\/contacto\/\" class=\"qbutton white \" target=\"\" style=\"background-color:#32373c;\" >Contacte<\/a><\/div><\/div><\/div><\/div>[\/vc_column][\/vc_row]<\/p>\n<\/div>","protected":false},"excerpt":{"rendered":"<p>[vc_row css_animation=&#8221;&#8221; row_type=&#8221;row&#8221; use_row_as_full_screen_section=&#8221;no&#8221; type=&#8221;grid&#8221; angled_section=&#8221;no&#8221; text_align=&#8221;left&#8221; background_image_as_pattern=&#8221;without_pattern&#8221; background_color=&#8221;#32373c&#8221; z_index=&#8221;&#8221;][vc_column][vc_empty_space height=&#8221;50px&#8221;][\/vc_column][\/vc_row][vc_row css_animation=&#8221;&#8221; row_type=&#8221;row&#8221; use_row_as_full_screen_section=&#8221;no&#8221; type=&#8221;full_width&#8221; angled_section=&#8221;no&#8221; text_align=&#8221;left&#8221; background_image_as_pattern=&#8221;without_pattern&#8221;][vc_column][\/vc_column][\/vc_row]<\/p>\n","protected":false},"author":1,"featured_media":0,"parent":0,"menu_order":0,"comment_status":"closed","ping_status":"closed","template":"full_width.php","meta":{"_exactmetrics_skip_tracking":false,"_exactmetrics_sitenote_active":false,"_exactmetrics_sitenote_note":"","_exactmetrics_sitenote_category":0,"footnotes":""},"class_list":["post-634","page","type-page","status-publish","hentry"],"yoast_head":"<!-- This site is optimized with the Yoast SEO plugin v27.6 - https:\/\/yoast.com\/product\/yoast-seo-wordpress\/ -->\n<title>Marcs per a quadres a Matar\u00f3 - Laiamarc Art Gallery<\/title>\n<meta name=\"description\" content=\"Descobreix el nostre mostrari de motllures per a quadres a Matar\u00f3 amb m\u00e9s de 1.000 refer\u00e8ncies de tota mena donis de marcs daurats i marcs artesanals\" \/>\n<meta name=\"robots\" content=\"index, follow, max-snippet:-1, max-image-preview:large, max-video-preview:-1\" \/>\n<link rel=\"canonical\" href=\"https:\/\/laiamarcartgallery.com\/ca\/marcs-per-a-quadres\/\" \/>\n<meta property=\"og:locale\" content=\"ca_ES\" \/>\n<meta property=\"og:type\" content=\"article\" \/>\n<meta property=\"og:title\" content=\"Marcs per a quadres a Matar\u00f3 - Laiamarc Art Gallery\" \/>\n<meta property=\"og:description\" content=\"Descobreix el nostre mostrari de motllures per a quadres a Matar\u00f3 amb m\u00e9s de 1.000 refer\u00e8ncies de tota mena donis de marcs daurats i marcs artesanals\" \/>\n<meta property=\"og:url\" content=\"https:\/\/laiamarcartgallery.com\/ca\/marcs-per-a-quadres\/\" \/>\n<meta property=\"og:site_name\" content=\"laiamarcartgallery\" \/>\n<meta property=\"article:modified_time\" content=\"2019-04-01T20:08:09+00:00\" \/>\n<meta name=\"twitter:card\" content=\"summary_large_image\" \/>\n<meta name=\"twitter:label1\" content=\"Temps estimat de lectura\" \/>\n\t<meta name=\"twitter:data1\" content=\"1 minut\" \/>\n<script type=\"application\/ld+json\" class=\"yoast-schema-graph\">{\"@context\":\"https:\\\/\\\/schema.org\",\"@graph\":[{\"@type\":\"WebPage\",\"@id\":\"https:\\\/\\\/laiamarcartgallery.com\\\/ca\\\/marcs-per-a-quadres\\\/\",\"url\":\"https:\\\/\\\/laiamarcartgallery.com\\\/ca\\\/marcs-per-a-quadres\\\/\",\"name\":\"Marcs per a quadres a Matar\u00f3 - Laiamarc Art Gallery\",\"isPartOf\":{\"@id\":\"https:\\\/\\\/laiamarcartgallery.com\\\/#website\"},\"datePublished\":\"2019-04-01T20:03:02+00:00\",\"dateModified\":\"2019-04-01T20:08:09+00:00\",\"description\":\"Descobreix el nostre mostrari de motllures per a quadres a Matar\u00f3 amb m\u00e9s de 1.000 refer\u00e8ncies de tota mena donis de marcs daurats i marcs artesanals\",\"breadcrumb\":{\"@id\":\"https:\\\/\\\/laiamarcartgallery.com\\\/ca\\\/marcs-per-a-quadres\\\/#breadcrumb\"},\"inLanguage\":\"ca\",\"potentialAction\":[{\"@type\":\"ReadAction\",\"target\":[\"https:\\\/\\\/laiamarcartgallery.com\\\/ca\\\/marcs-per-a-quadres\\\/\"]}]},{\"@type\":\"BreadcrumbList\",\"@id\":\"https:\\\/\\\/laiamarcartgallery.com\\\/ca\\\/marcs-per-a-quadres\\\/#breadcrumb\",\"itemListElement\":[{\"@type\":\"ListItem\",\"position\":1,\"name\":\"Portada\",\"item\":\"https:\\\/\\\/laiamarcartgallery.com\\\/ca\\\/\"},{\"@type\":\"ListItem\",\"position\":2,\"name\":\"Marcs per a quadres\"}]},{\"@type\":\"WebSite\",\"@id\":\"https:\\\/\\\/laiamarcartgallery.com\\\/#website\",\"url\":\"https:\\\/\\\/laiamarcartgallery.com\\\/\",\"name\":\"laiamarcartgallery\",\"description\":\"Tienda de enmarcaci&oacute;n y venta de cuadros en Matar&oacute;\",\"potentialAction\":[{\"@type\":\"SearchAction\",\"target\":{\"@type\":\"EntryPoint\",\"urlTemplate\":\"https:\\\/\\\/laiamarcartgallery.com\\\/?s={search_term_string}\"},\"query-input\":{\"@type\":\"PropertyValueSpecification\",\"valueRequired\":true,\"valueName\":\"search_term_string\"}}],\"inLanguage\":\"ca\"}]}<\/script>\n<!-- \/ Yoast SEO plugin. -->","yoast_head_json":{"title":"Marcs per a quadres a Matar\u00f3 - Laiamarc Art Gallery","description":"Descobreix el nostre mostrari de motllures per a quadres a Matar\u00f3 amb m\u00e9s de 1.000 refer\u00e8ncies de tota mena donis de marcs daurats i marcs artesanals","robots":{"index":"index","follow":"follow","max-snippet":"max-snippet:-1","max-image-preview":"max-image-preview:large","max-video-preview":"max-video-preview:-1"},"canonical":"https:\/\/laiamarcartgallery.com\/ca\/marcs-per-a-quadres\/","og_locale":"ca_ES","og_type":"article","og_title":"Marcs per a quadres a Matar\u00f3 - Laiamarc Art Gallery","og_description":"Descobreix el nostre mostrari de motllures per a quadres a Matar\u00f3 amb m\u00e9s de 1.000 refer\u00e8ncies de tota mena donis de marcs daurats i marcs artesanals","og_url":"https:\/\/laiamarcartgallery.com\/ca\/marcs-per-a-quadres\/","og_site_name":"laiamarcartgallery","article_modified_time":"2019-04-01T20:08:09+00:00","twitter_card":"summary_large_image","twitter_misc":{"Temps estimat de lectura":"1 minut"},"schema":{"@context":"https:\/\/schema.org","@graph":[{"@type":"WebPage","@id":"https:\/\/laiamarcartgallery.com\/ca\/marcs-per-a-quadres\/","url":"https:\/\/laiamarcartgallery.com\/ca\/marcs-per-a-quadres\/","name":"Marcs per a quadres a Matar\u00f3 - Laiamarc Art Gallery","isPartOf":{"@id":"https:\/\/laiamarcartgallery.com\/#website"},"datePublished":"2019-04-01T20:03:02+00:00","dateModified":"2019-04-01T20:08:09+00:00","description":"Descobreix el nostre mostrari de motllures per a quadres a Matar\u00f3 amb m\u00e9s de 1.000 refer\u00e8ncies de tota mena donis de marcs daurats i marcs artesanals","breadcrumb":{"@id":"https:\/\/laiamarcartgallery.com\/ca\/marcs-per-a-quadres\/#breadcrumb"},"inLanguage":"ca","potentialAction":[{"@type":"ReadAction","target":["https:\/\/laiamarcartgallery.com\/ca\/marcs-per-a-quadres\/"]}]},{"@type":"BreadcrumbList","@id":"https:\/\/laiamarcartgallery.com\/ca\/marcs-per-a-quadres\/#breadcrumb","itemListElement":[{"@type":"ListItem","position":1,"name":"Portada","item":"https:\/\/laiamarcartgallery.com\/ca\/"},{"@type":"ListItem","position":2,"name":"Marcs per a quadres"}]},{"@type":"WebSite","@id":"https:\/\/laiamarcartgallery.com\/#website","url":"https:\/\/laiamarcartgallery.com\/","name":"laiamarcartgallery","description":"Tienda de enmarcaci&oacute;n y venta de cuadros en Matar&oacute;","potentialAction":[{"@type":"SearchAction","target":{"@type":"EntryPoint","urlTemplate":"https:\/\/laiamarcartgallery.com\/?s={search_term_string}"},"query-input":{"@type":"PropertyValueSpecification","valueRequired":true,"valueName":"search_term_string"}}],"inLanguage":"ca"}]}},"_links":{"self":[{"href":"https:\/\/laiamarcartgallery.com\/ca\/wp-json\/wp\/v2\/pages\/634","targetHints":{"allow":["GET"]}}],"collection":[{"href":"https:\/\/laiamarcartgallery.com\/ca\/wp-json\/wp\/v2\/pages"}],"about":[{"href":"https:\/\/laiamarcartgallery.com\/ca\/wp-json\/wp\/v2\/types\/page"}],"author":[{"embeddable":true,"href":"https:\/\/laiamarcartgallery.com\/ca\/wp-json\/wp\/v2\/users\/1"}],"replies":[{"embeddable":true,"href":"https:\/\/laiamarcartgallery.com\/ca\/wp-json\/wp\/v2\/comments?post=634"}],"version-history":[{"count":4,"href":"https:\/\/laiamarcartgallery.com\/ca\/wp-json\/wp\/v2\/pages\/634\/revisions"}],"predecessor-version":[{"id":686,"href":"https:\/\/laiamarcartgallery.com\/ca\/wp-json\/wp\/v2\/pages\/634\/revisions\/686"}],"wp:attachment":[{"href":"https:\/\/laiamarcartgallery.com\/ca\/wp-json\/wp\/v2\/media?parent=634"}],"curies":[{"name":"wp","href":"https:\/\/api.w.org\/{rel}","templated":true}]}}